{"id":22113,"date":"2016-01-16T23:54:29","date_gmt":"2016-01-16T22:54:29","guid":{"rendered":"http:\/\/geolutions.de\/?page_id=22113&#038;lang=en"},"modified":"2016-01-16T23:54:29","modified_gmt":"2016-01-16T22:54:29","slug":"impressum","status":"publish","type":"page","link":"https:\/\/geolutions.de\/en\/impressum\/","title":{"rendered":"Impressum"},"content":{"rendered":"<div class=\"wpb-content-wrapper\"><p>[vc_row row_type=&#8221;row&#8221; use_row_as_full_screen_section=&#8221;no&#8221; type=&#8221;full_width&#8221; anchor=&#8221;&#8221; in_content_menu=&#8221;&#8221; content_menu_title=&#8221;&#8221; icon_pack=&#8221;font_awesome&#8221; content_menu_fa_icon=&#8221;&#8221; content_menu_fe_icon=&#8221;arrow_back&#8221; text_align=&#8221;left&#8221; video=&#8221;&#8221; video_overlay=&#8221;&#8221; video_overlay_image=&#8221;&#8221; video_webm=&#8221;&#8221; video_mp4=&#8221;&#8221; video_ogv=&#8221;&#8221; video_image=&#8221;&#8221; background_image=&#8221;&#8221; pattern_background=&#8221;&#8221; section_height=&#8221;&#8221; parallax_speed=&#8221;&#8221; background_color=&#8221;&#8221; border_color=&#8221;&#8221; side_padding=&#8221;&#8221; padding_top=&#8221;&#8221; padding_bottom=&#8221;&#8221; color=&#8221;&#8221; hover_color=&#8221;&#8221; more_button_label=&#8221;&#8221; less_button_label=&#8221;&#8221; button_position=&#8221;&#8221; css_animation=&#8221;&#8221; transition_delay=&#8221;&#8221;][vc_column width=&#8221;1\/1&#8243;][vc_empty_space height=&#8221;80px&#8221;][\/vc_column][\/vc_row][vc_row row_type=&#8221;row&#8221; use_row_as_full_screen_section=&#8221;no&#8221; type=&#8221;full_width&#8221; anchor=&#8221;&#8221; in_content_menu=&#8221;&#8221; content_menu_title=&#8221;&#8221; icon_pack=&#8221;font_awesome&#8221; content_menu_fa_icon=&#8221;&#8221; content_menu_fe_icon=&#8221;arrow_back&#8221; text_align=&#8221;left&#8221; video=&#8221;&#8221; video_overlay=&#8221;&#8221; video_overlay_image=&#8221;&#8221; video_webm=&#8221;&#8221; video_mp4=&#8221;&#8221; video_ogv=&#8221;&#8221; video_image=&#8221;&#8221; background_image=&#8221;&#8221; pattern_background=&#8221;&#8221; section_height=&#8221;&#8221; parallax_speed=&#8221;&#8221; background_color=&#8221;&#8221; border_color=&#8221;&#8221; side_padding=&#8221;&#8221; padding_top=&#8221;&#8221; padding_bottom=&#8221;&#8221; color=&#8221;&#8221; hover_color=&#8221;&#8221; more_button_label=&#8221;&#8221; less_button_label=&#8221;&#8221; button_position=&#8221;&#8221; css_animation=&#8221;&#8221; transition_delay=&#8221;&#8221;][vc_column width=&#8221;1\/2&#8243;][vc_column_text]<b>Responsible for contents:<\/b>[\/vc_column_text][vc_empty_space height=&#8221;32px&#8221;][vc_column_text]Geo-Solutions-Freiburg<br \/>\nRalph Elsaesser<br \/>\nAnna-von-Munzingen-Weg 19<br \/>\n79111 Freiburg<br \/>\ntel ++49 761 287418<br \/>\nfax ++49 761 287489<br \/>\nmobil ++49 179 5252737[\/vc_column_text][vc_empty_space height=&#8221;32px&#8221;][\/vc_column][vc_column width=&#8221;1\/2&#8243;][vc_column_text]<b>Realisation<\/b>[\/vc_column_text][vc_empty_space height=&#8221;32px&#8221;][vc_column_text]<a href=\"https:\/\/www.sehpunkt.de\/\" target=\"_blank\">Agentur sehpunkt<\/a>[\/vc_column_text][vc_empty_space height=&#8221;32px&#8221;][\/vc_column][\/vc_row][vc_row row_type=&#8221;row&#8221; use_row_as_full_screen_section=&#8221;no&#8221; type=&#8221;full_width&#8221; anchor=&#8221;&#8221; in_content_menu=&#8221;&#8221; content_menu_title=&#8221;&#8221; icon_pack=&#8221;font_awesome&#8221; content_menu_fa_icon=&#8221;&#8221; content_menu_fe_icon=&#8221;arrow_back&#8221; text_align=&#8221;left&#8221; video=&#8221;&#8221; video_overlay=&#8221;&#8221; video_overlay_image=&#8221;&#8221; video_webm=&#8221;&#8221; video_mp4=&#8221;&#8221; video_ogv=&#8221;&#8221; video_image=&#8221;&#8221; background_image=&#8221;&#8221; pattern_background=&#8221;&#8221; section_height=&#8221;&#8221; parallax_speed=&#8221;&#8221; background_color=&#8221;&#8221; border_color=&#8221;&#8221; side_padding=&#8221;&#8221; padding_top=&#8221;&#8221; padding_bottom=&#8221;&#8221; color=&#8221;&#8221; hover_color=&#8221;&#8221; more_button_label=&#8221;&#8221; less_button_label=&#8221;&#8221; button_position=&#8221;&#8221; css_animation=&#8221;&#8221; transition_delay=&#8221;&#8221; el_id=&#8221;&#8221;][vc_column width=&#8221;1\/1&#8243;][vc_empty_space height=&#8221;80px&#8221;][\/vc_column][\/vc_row][vc_row row_type=&#8221;row&#8221; use_row_as_full_screen_section=&#8221;no&#8221; type=&#8221;full_width&#8221; anchor=&#8221;&#8221; in_content_menu=&#8221;&#8221; content_menu_title=&#8221;&#8221; icon_pack=&#8221;font_awesome&#8221; content_menu_fa_icon=&#8221;&#8221; content_menu_fe_icon=&#8221;arrow_back&#8221; text_align=&#8221;left&#8221; video=&#8221;&#8221; video_overlay=&#8221;&#8221; video_overlay_image=&#8221;&#8221; video_webm=&#8221;&#8221; video_mp4=&#8221;&#8221; video_ogv=&#8221;&#8221; video_image=&#8221;&#8221; background_image=&#8221;&#8221; pattern_background=&#8221;&#8221; section_height=&#8221;&#8221; parallax_speed=&#8221;&#8221; background_color=&#8221;&#8221; border_color=&#8221;&#8221; side_padding=&#8221;&#8221; padding_top=&#8221;&#8221; padding_bottom=&#8221;&#8221; color=&#8221;&#8221; hover_color=&#8221;&#8221; more_button_label=&#8221;&#8221; less_button_label=&#8221;&#8221; button_position=&#8221;&#8221; css_animation=&#8221;&#8221; transition_delay=&#8221;&#8221; el_id=&#8221;&#8221;][vc_column width=&#8221;1\/2&#8243;][vc_column_text]<b>Copyright<\/b>[\/vc_column_text][vc_empty_space height=&#8221;32px&#8221;][vc_column_text]Die vorliegenden Inhalte des Internetauftrittes Geo-Solutions sind urheberrechtlich gesch\u00fctzt. Alle Rechte sind vorbehalten.<br \/>\nDie Vervielf\u00e4ltigung, \u00dcbersetzung oder die Verwendung in elektronischen Systemen von Inhalten wie Texte, Bilder, Grafiken und Animationen, auch auszugsweise, ist ohne die schriftliche Zustimmung von Geo-Solutions Freiburg urheberrechtswidrig und daher strafbar.<br \/>\nWerden eingetragene Warenzeichen, Handelsnamen und Gebrauchsnamen verwendet, auch wenn diese nicht als solche gekennzeichnet sind, gelten die entsprechenden Schutzbestimmungen.[\/vc_column_text][vc_empty_space height=&#8221;32px&#8221;][\/vc_column][vc_column width=&#8221;1\/2&#8243;][vc_column_text]<b>Haftungsausschluss<\/b>[\/vc_column_text][vc_empty_space height=&#8221;32px&#8221;][vc_column_text]Alle Inhalte werden sorgf\u00e4ltig gepr\u00fcft und st\u00e4ndig aktualisiert. Eine Garantie f\u00fcr die Vollst\u00e4ndigkeit, Richtigkeit und letzte Aktualit\u00e4t kann dennoch nicht \u00fcbernommen werden.<br \/>\nGeo-Solutions Freiburg kann daher nicht f\u00fcr Sch\u00e4den haftbar gemacht werden, die in Zusammenhang mit der Verwendung dieser Inhalte stehen.<br \/>\nMit den angebotenen Links verlassen Sie die Webseite von Geo-Solutions Freiburg. Diese verlinkten Seiten werden nicht von uns kontrolliert, und wir sind nicht f\u00fcr die Inhalte irgendeiner verlinkten Seite oder von weiterf\u00fchrenden Links, die in den verlinkten Seiten enthalten sind, zust\u00e4ndig. Geo-Solutions Freiburg ist nicht verantwortlich f\u00fcr Internetwerbung oder irgendeine andere Form von Daten, die von einer verlinkten Seite \u00fcbertragen werden.<br \/>\nSoweit durch Verlinkung auf andere Server weitere Informationen zug\u00e4nglich gemacht werden, weisen wir darauf hin, dass eine Inhaltskontrolle insoweit nicht stattfindet und jegliche Haftung ausgeschlossen ist.[\/vc_column_text][vc_empty_space height=&#8221;32px&#8221;][\/vc_column][\/vc_row][vc_row row_type=&#8221;row&#8221; use_row_as_full_screen_section=&#8221;no&#8221; type=&#8221;full_width&#8221; anchor=&#8221;&#8221; in_content_menu=&#8221;&#8221; content_menu_title=&#8221;&#8221; icon_pack=&#8221;font_awesome&#8221; content_menu_fa_icon=&#8221;&#8221; content_menu_fe_icon=&#8221;arrow_back&#8221; text_align=&#8221;left&#8221; video=&#8221;&#8221; video_overlay=&#8221;&#8221; video_overlay_image=&#8221;&#8221; video_webm=&#8221;&#8221; video_mp4=&#8221;&#8221; video_ogv=&#8221;&#8221; video_image=&#8221;&#8221; background_image=&#8221;&#8221; pattern_background=&#8221;&#8221; section_height=&#8221;&#8221; parallax_speed=&#8221;&#8221; background_color=&#8221;&#8221; border_color=&#8221;&#8221; side_padding=&#8221;&#8221; padding_top=&#8221;&#8221; padding_bottom=&#8221;&#8221; color=&#8221;&#8221; hover_color=&#8221;&#8221; more_button_label=&#8221;&#8221; less_button_label=&#8221;&#8221; button_position=&#8221;&#8221; css_animation=&#8221;&#8221; transition_delay=&#8221;&#8221; el_id=&#8221;&#8221;][vc_column width=&#8221;1\/1&#8243;][vc_empty_space height=&#8221;80px&#8221;][\/vc_column][\/vc_row]<\/p>\n<\/div>","protected":false},"excerpt":{"rendered":"<p>[vc_row row_type=&#8221;row&#8221; use_row_as_full_screen_section=&#8221;no&#8221; type=&#8221;full_width&#8221; anchor=&#8221;&#8221; in_content_menu=&#8221;&#8221; content_menu_title=&#8221;&#8221; icon_pack=&#8221;font_awesome&#8221; content_menu_fa_icon=&#8221;&#8221; content_menu_fe_icon=&#8221;arrow_back&#8221; text_align=&#8221;left&#8221; video=&#8221;&#8221; video_overlay=&#8221;&#8221; video_overlay_image=&#8221;&#8221; video_webm=&#8221;&#8221; video_mp4=&#8221;&#8221; video_ogv=&#8221;&#8221; video_image=&#8221;&#8221; background_image=&#8221;&#8221; pattern_background=&#8221;&#8221; section_height=&#8221;&#8221; parallax_speed=&#8221;&#8221; background_color=&#8221;&#8221; border_color=&#8221;&#8221; side_padding=&#8221;&#8221; padding_top=&#8221;&#8221; padding_bottom=&#8221;&#8221; color=&#8221;&#8221; hover_color=&#8221;&#8221; more_button_label=&#8221;&#8221; less_button_label=&#8221;&#8221; button_position=&#8221;&#8221; css_animation=&#8221;&#8221; transition_delay=&#8221;&#8221;][vc_column width=&#8221;1\/1&#8243;][vc_empty_space height=&#8221;80px&#8221;][\/vc_column][\/vc_row][vc_row row_type=&#8221;row&#8221; use_row_as_full_screen_section=&#8221;no&#8221; type=&#8221;full_width&#8221; anchor=&#8221;&#8221; in_content_menu=&#8221;&#8221; content_menu_title=&#8221;&#8221; icon_pack=&#8221;font_awesome&#8221; content_menu_fa_icon=&#8221;&#8221; content_menu_fe_icon=&#8221;arrow_back&#8221;&#8230;<\/p>\n","protected":false},"author":2,"featured_media":0,"parent":0,"menu_order":0,"comment_status":"open","ping_status":"open","template":"","meta":{"jetpack_post_was_ever_published":false,"footnotes":""},"class_list":["post-22113","page","type-page","status-publish","hentry"],"jetpack_sharing_enabled":true,"jetpack_shortlink":"https:\/\/wp.me\/P6wJph-5KF","_links":{"self":[{"href":"https:\/\/geolutions.de\/en\/wp-json\/wp\/v2\/pages\/22113","targetHints":{"allow":["GET"]}}],"collection":[{"href":"https:\/\/geolutions.de\/en\/wp-json\/wp\/v2\/pages"}],"about":[{"href":"https:\/\/geolutions.de\/en\/wp-json\/wp\/v2\/types\/page"}],"author":[{"embeddable":true,"href":"https:\/\/geolutions.de\/en\/wp-json\/wp\/v2\/users\/2"}],"replies":[{"embeddable":true,"href":"https:\/\/geolutions.de\/en\/wp-json\/wp\/v2\/comments?post=22113"}],"version-history":[{"count":1,"href":"https:\/\/geolutions.de\/en\/wp-json\/wp\/v2\/pages\/22113\/revisions"}],"predecessor-version":[{"id":22114,"href":"https:\/\/geolutions.de\/en\/wp-json\/wp\/v2\/pages\/22113\/revisions\/22114"}],"wp:attachment":[{"href":"https:\/\/geolutions.de\/en\/wp-json\/wp\/v2\/media?parent=22113"}],"curies":[{"name":"wp","href":"https:\/\/api.w.org\/{rel}","templated":true}]}}